
{"id":4232,"date":"2017-10-31T11:35:21","date_gmt":"2017-10-31T09:35:21","guid":{"rendered":"https:\/\/generous.eu\/?page_id=4232"},"modified":"2021-11-18T12:49:42","modified_gmt":"2021-11-18T10:49:42","slug":"social-and-ecological-responsability","status":"publish","type":"page","link":"https:\/\/generous.eu\/en\/home\/social-and-ecological-responsability\/","title":{"rendered":"Socially &#038; ecologically engaged"},"content":{"rendered":"<div class=\"wpb-content-wrapper\"><p>[vc_row][vc_column offset=&#8221;vc_hidden-xs&#8221;][rev_slider_vc alias=&#8221;responsability&#8221;][\/vc_column][\/vc_row][vc_row][vc_column offset=&#8221;vc_hidden-lg vc_hidden-md vc_hidden-sm&#8221;][rev_slider_vc alias=&#8221;responsability_mobile&#8221;][\/vc_column][\/vc_row][vc_row][vc_column offset=&#8221;vc_hidden-lg vc_hidden-md vc_hidden-sm vc_hidden-xs&#8221;][vc_column_text]<span style=\"color: #808080;\">Notre biscuiterie <strong>artisanale<\/strong> vous propose une gamme de produits <strong>biologiques<\/strong> et <strong>sans gluten<\/strong>. Biologiques, sans gluten et&#8230; <strong>gourmands<\/strong>!<\/span><\/p>\n<p><span style=\"color: #808080;\">C\u2019est en effet bien la gourmandise qui nous guide dans la confection de nos produits. Notre atelier se situe \u00e0 Bruxelles, au croisement du canal et de la Senne, o\u00f9 nous cr\u00e9ons des plaisirs pleins de saveurs dans le respect de la tradition biscotti\u00e8re et boulang\u00e8re belge.<\/span>[\/vc_column_text][\/vc_column][\/vc_row][vc_row][vc_column][vc_column_text]<\/p>\n<h1>Social and ecological responsability<\/h1>\n<p>[\/vc_column_text][vc_separator color=&#8221;custom&#8221; style=&#8221;dotted&#8221; border_width=&#8221;2&#8243; accent_color=&#8221;#ac6e2d&#8221; el_class=&#8221;border_dotted&#8221;][vc_column_text]<\/p>\n<p class=\"p1\">Our cookies are being conditioned by the association \u00abTravie\u00bb, which contributes to the insertion of disabled people by offering them a useful employment. That way, about a dozen people are daily dedicated to the packaging of our products.<\/p>\n<p class=\"p1\">Moreover, we seek to minimise our carbon footprint by sourcing our energy from solar panels, reducing waste and making the most of unsold goods. We try to work as much as possible with responsible resellers such as bulk grocery stores and organic shops.<\/p>\n<p class=\"p1\">We\u2019re not perfect, but we\u2019re doing our best to make Generous more than our brand name.<\/p>\n<p>[\/vc_column_text][\/vc_column][\/vc_row]<\/p>\n<\/div>","protected":false},"excerpt":{"rendered":"<p>[vc_row][vc_column offset=&#8221;vc_hidden-xs&#8221;][rev_slider_vc alias=&#8221;responsability&#8221;][\/vc_column][\/vc_row][vc_row][vc_column offset=&#8221;vc_hidden-lg vc_hidden-md vc_hidden-sm&#8221;][rev_slider_vc alias=&#8221;responsability_mobile&#8221;][\/vc_column][\/vc_row][vc_row][vc_column offset=&#8221;vc_hidden-lg vc_hidden-md vc_hidden-sm vc_hidden-xs&#8221;][vc_column_text]Notre biscuiterie artisanale vous propose une gamme de produits biologiques et sans gluten. Biologiques, sans gluten et&#8230; gourmands! C\u2019est en effet bien la gourmandise qui nous guide dans la confection de nos produits. Notre atelier se situe \u00e0 Bruxelles, au croisement du canal et de [&hellip;]<\/p>\n","protected":false},"author":3,"featured_media":0,"parent":429,"menu_order":0,"comment_status":"closed","ping_status":"closed","template":"produits.php","meta":{"_acf_changed":false,"footnotes":"","_links_to":"","_links_to_target":""},"class_list":["post-4232","page","type-page","status-publish","hentry"],"acf":[],"yoast_head":"<!-- This site is optimized with the Yoast SEO plugin v27.1-RC6 - https:\/\/yoast.com\/product\/yoast-seo-wordpress\/ -->\n<title>Socially &amp; ecologically engaged - Generous<\/title>\n<meta name=\"robots\" content=\"index, follow, max-snippet:-1, max-image-preview:large, max-video-preview:-1\" \/>\n<link rel=\"canonical\" href=\"https:\/\/generous.eu\/en\/home\/social-and-ecological-responsability\/\" \/>\n<meta property=\"og:locale\" content=\"en_US\" \/>\n<meta property=\"og:type\" content=\"article\" \/>\n<meta property=\"og:title\" content=\"Socially &amp; ecologically engaged - Generous\" \/>\n<meta property=\"og:description\" content=\"[vc_row][vc_column offset=&#8221;vc_hidden-xs&#8221;][rev_slider_vc alias=&#8221;responsability&#8221;][\/vc_column][\/vc_row][vc_row][vc_column offset=&#8221;vc_hidden-lg vc_hidden-md vc_hidden-sm&#8221;][rev_slider_vc alias=&#8221;responsability_mobile&#8221;][\/vc_column][\/vc_row][vc_row][vc_column offset=&#8221;vc_hidden-lg vc_hidden-md vc_hidden-sm vc_hidden-xs&#8221;][vc_column_text]Notre biscuiterie artisanale vous propose une gamme de produits biologiques et sans gluten. Biologiques, sans gluten et&#8230; gourmands! C\u2019est en effet bien la gourmandise qui nous guide dans la confection de nos produits. Notre atelier se situe \u00e0 Bruxelles, au croisement du canal et de [&hellip;]\" \/>\n<meta property=\"og:url\" content=\"https:\/\/generous.eu\/en\/home\/social-and-ecological-responsability\/\" \/>\n<meta property=\"og:site_name\" content=\"Generous\" \/>\n<meta property=\"article:publisher\" content=\"https:\/\/www.facebook.com\/generousbakery\/?fref=ts\" \/>\n<meta property=\"article:modified_time\" content=\"2021-11-18T10:49:42+00:00\" \/>\n<meta name=\"twitter:card\" content=\"summary_large_image\" \/>\n<meta name=\"twitter:site\" content=\"@generousbakery\" \/>\n<meta name=\"twitter:label1\" content=\"Est. reading time\" \/>\n\t<meta name=\"twitter:data1\" content=\"1 minute\" \/>\n<script type=\"application\/ld+json\" class=\"yoast-schema-graph\">{\"@context\":\"https:\/\/schema.org\",\"@graph\":[{\"@type\":\"WebPage\",\"@id\":\"https:\/\/generous.eu\/en\/home\/social-and-ecological-responsability\/\",\"url\":\"https:\/\/generous.eu\/en\/home\/social-and-ecological-responsability\/\",\"name\":\"Socially & ecologically engaged - Generous\",\"isPartOf\":{\"@id\":\"https:\/\/generous.eu\/en\/#website\"},\"datePublished\":\"2017-10-31T09:35:21+00:00\",\"dateModified\":\"2021-11-18T10:49:42+00:00\",\"breadcrumb\":{\"@id\":\"https:\/\/generous.eu\/en\/home\/social-and-ecological-responsability\/#breadcrumb\"},\"inLanguage\":\"en-US\",\"potentialAction\":[{\"@type\":\"ReadAction\",\"target\":[\"https:\/\/generous.eu\/en\/home\/social-and-ecological-responsability\/\"]}]},{\"@type\":\"BreadcrumbList\",\"@id\":\"https:\/\/generous.eu\/en\/home\/social-and-ecological-responsability\/#breadcrumb\",\"itemListElement\":[{\"@type\":\"ListItem\",\"position\":1,\"name\":\"Accueil\",\"item\":\"https:\/\/generous.eu\/en\/\"},{\"@type\":\"ListItem\",\"position\":2,\"name\":\"Generous\",\"item\":\"https:\/\/generous.eu\/en\/\"},{\"@type\":\"ListItem\",\"position\":3,\"name\":\"Socially &#038; ecologically engaged\"}]},{\"@type\":\"WebSite\",\"@id\":\"https:\/\/generous.eu\/en\/#website\",\"url\":\"https:\/\/generous.eu\/en\/\",\"name\":\"Generous\",\"description\":\"\",\"publisher\":{\"@id\":\"https:\/\/generous.eu\/en\/#organization\"},\"potentialAction\":[{\"@type\":\"SearchAction\",\"target\":{\"@type\":\"EntryPoint\",\"urlTemplate\":\"https:\/\/generous.eu\/en\/?s={search_term_string}\"},\"query-input\":{\"@type\":\"PropertyValueSpecification\",\"valueRequired\":true,\"valueName\":\"search_term_string\"}}],\"inLanguage\":\"en-US\"},{\"@type\":\"Organization\",\"@id\":\"https:\/\/generous.eu\/en\/#organization\",\"name\":\"Generous\",\"url\":\"https:\/\/generous.eu\/en\/\",\"logo\":{\"@type\":\"ImageObject\",\"inLanguage\":\"en-US\",\"@id\":\"https:\/\/generous.eu\/en\/#\/schema\/logo\/image\/\",\"url\":\"https:\/\/generous.eu\/wp-content\/uploads\/2016\/11\/logogenerous-1.png\",\"contentUrl\":\"https:\/\/generous.eu\/wp-content\/uploads\/2016\/11\/logogenerous-1.png\",\"width\":215,\"height\":110,\"caption\":\"Generous\"},\"image\":{\"@id\":\"https:\/\/generous.eu\/en\/#\/schema\/logo\/image\/\"},\"sameAs\":[\"https:\/\/www.facebook.com\/generousbakery\/?fref=ts\",\"https:\/\/x.com\/generousbakery\",\"https:\/\/www.instagram.com\/generousbakery\/\",\"https:\/\/www.pinterest.com\/generousbakery\/\"]}]}<\/script>\n<!-- \/ Yoast SEO plugin. -->","yoast_head_json":{"title":"Socially & ecologically engaged - Generous","robots":{"index":"index","follow":"follow","max-snippet":"max-snippet:-1","max-image-preview":"max-image-preview:large","max-video-preview":"max-video-preview:-1"},"canonical":"https:\/\/generous.eu\/en\/home\/social-and-ecological-responsability\/","og_locale":"en_US","og_type":"article","og_title":"Socially & ecologically engaged - Generous","og_description":"[vc_row][vc_column offset=&#8221;vc_hidden-xs&#8221;][rev_slider_vc alias=&#8221;responsability&#8221;][\/vc_column][\/vc_row][vc_row][vc_column offset=&#8221;vc_hidden-lg vc_hidden-md vc_hidden-sm&#8221;][rev_slider_vc alias=&#8221;responsability_mobile&#8221;][\/vc_column][\/vc_row][vc_row][vc_column offset=&#8221;vc_hidden-lg vc_hidden-md vc_hidden-sm vc_hidden-xs&#8221;][vc_column_text]Notre biscuiterie artisanale vous propose une gamme de produits biologiques et sans gluten. Biologiques, sans gluten et&#8230; gourmands! C\u2019est en effet bien la gourmandise qui nous guide dans la confection de nos produits. Notre atelier se situe \u00e0 Bruxelles, au croisement du canal et de [&hellip;]","og_url":"https:\/\/generous.eu\/en\/home\/social-and-ecological-responsability\/","og_site_name":"Generous","article_publisher":"https:\/\/www.facebook.com\/generousbakery\/?fref=ts","article_modified_time":"2021-11-18T10:49:42+00:00","twitter_card":"summary_large_image","twitter_site":"@generousbakery","twitter_misc":{"Est. reading time":"1 minute"},"schema":{"@context":"https:\/\/schema.org","@graph":[{"@type":"WebPage","@id":"https:\/\/generous.eu\/en\/home\/social-and-ecological-responsability\/","url":"https:\/\/generous.eu\/en\/home\/social-and-ecological-responsability\/","name":"Socially & ecologically engaged - Generous","isPartOf":{"@id":"https:\/\/generous.eu\/en\/#website"},"datePublished":"2017-10-31T09:35:21+00:00","dateModified":"2021-11-18T10:49:42+00:00","breadcrumb":{"@id":"https:\/\/generous.eu\/en\/home\/social-and-ecological-responsability\/#breadcrumb"},"inLanguage":"en-US","potentialAction":[{"@type":"ReadAction","target":["https:\/\/generous.eu\/en\/home\/social-and-ecological-responsability\/"]}]},{"@type":"BreadcrumbList","@id":"https:\/\/generous.eu\/en\/home\/social-and-ecological-responsability\/#breadcrumb","itemListElement":[{"@type":"ListItem","position":1,"name":"Accueil","item":"https:\/\/generous.eu\/en\/"},{"@type":"ListItem","position":2,"name":"Generous","item":"https:\/\/generous.eu\/en\/"},{"@type":"ListItem","position":3,"name":"Socially &#038; ecologically engaged"}]},{"@type":"WebSite","@id":"https:\/\/generous.eu\/en\/#website","url":"https:\/\/generous.eu\/en\/","name":"Generous","description":"","publisher":{"@id":"https:\/\/generous.eu\/en\/#organization"},"potentialAction":[{"@type":"SearchAction","target":{"@type":"EntryPoint","urlTemplate":"https:\/\/generous.eu\/en\/?s={search_term_string}"},"query-input":{"@type":"PropertyValueSpecification","valueRequired":true,"valueName":"search_term_string"}}],"inLanguage":"en-US"},{"@type":"Organization","@id":"https:\/\/generous.eu\/en\/#organization","name":"Generous","url":"https:\/\/generous.eu\/en\/","logo":{"@type":"ImageObject","inLanguage":"en-US","@id":"https:\/\/generous.eu\/en\/#\/schema\/logo\/image\/","url":"https:\/\/generous.eu\/wp-content\/uploads\/2016\/11\/logogenerous-1.png","contentUrl":"https:\/\/generous.eu\/wp-content\/uploads\/2016\/11\/logogenerous-1.png","width":215,"height":110,"caption":"Generous"},"image":{"@id":"https:\/\/generous.eu\/en\/#\/schema\/logo\/image\/"},"sameAs":["https:\/\/www.facebook.com\/generousbakery\/?fref=ts","https:\/\/x.com\/generousbakery","https:\/\/www.instagram.com\/generousbakery\/","https:\/\/www.pinterest.com\/generousbakery\/"]}]}},"_links":{"self":[{"href":"https:\/\/generous.eu\/en\/wp-json\/wp\/v2\/pages\/4232","targetHints":{"allow":["GET"]}}],"collection":[{"href":"https:\/\/generous.eu\/en\/wp-json\/wp\/v2\/pages"}],"about":[{"href":"https:\/\/generous.eu\/en\/wp-json\/wp\/v2\/types\/page"}],"author":[{"embeddable":true,"href":"https:\/\/generous.eu\/en\/wp-json\/wp\/v2\/users\/3"}],"replies":[{"embeddable":true,"href":"https:\/\/generous.eu\/en\/wp-json\/wp\/v2\/comments?post=4232"}],"version-history":[{"count":9,"href":"https:\/\/generous.eu\/en\/wp-json\/wp\/v2\/pages\/4232\/revisions"}],"predecessor-version":[{"id":9115,"href":"https:\/\/generous.eu\/en\/wp-json\/wp\/v2\/pages\/4232\/revisions\/9115"}],"up":[{"embeddable":true,"href":"https:\/\/generous.eu\/en\/wp-json\/wp\/v2\/pages\/429"}],"wp:attachment":[{"href":"https:\/\/generous.eu\/en\/wp-json\/wp\/v2\/media?parent=4232"}],"curies":[{"name":"wp","href":"https:\/\/api.w.org\/{rel}","templated":true}]}}