
{"id":641,"date":"2016-04-26T15:24:47","date_gmt":"2016-04-26T14:24:47","guid":{"rendered":"https:\/\/generous.eu\/preparations\/pain-blanc\/"},"modified":"2018-09-28T15:00:03","modified_gmt":"2018-09-28T13:00:03","slug":"pain-blanc","status":"publish","type":"page","link":"https:\/\/generous.eu\/en\/mixes\/pain-blanc\/","title":{"rendered":"White Bread"},"content":{"rendered":"<div class=\"wpb-content-wrapper\"><p>[vc_row][vc_column width=&#8221;1\/3&#8243;][vc_single_image image=&#8221;3171&#8243; img_size=&#8221;full&#8221; alignment=&#8221;center&#8221;][\/vc_column][vc_column width=&#8221;2\/3&#8243; offset=&#8221;vc_hidden-xs&#8221;][vc_single_image image=&#8221;3123&#8243; img_size=&#8221;full&#8221; alignment=&#8221;center&#8221;][\/vc_column][\/vc_row][vc_row][vc_column][vc_column_text]<\/p>\n<h1>FLOUR MIX FOR WHITE BREAD<\/h1>\n<p>[\/vc_column_text][\/vc_column][\/vc_row][vc_row][vc_column][vc_separator color=&#8221;custom&#8221; style=&#8221;dotted&#8221; border_width=&#8221;2&#8243; accent_color=&#8221;#ac6e2d&#8221;][vc_column_text]<em>In school, Claudine Cuisine got everything mixed up. She thought the Vikings were the first people on the Moon, and that algebra was something fish fed on. Little did she know that she was blessed with an extraordinary gift. But many years later, it became impossible to ignore the way Claudine created magic in the kitchen, by instinctively throwing together the most unexpected ingredients, always in the perfect proportions. She\u2019s simply a genius when it comes to adding and subtracting to multiply the pleasure. Even her old math teacher can\u2019t get enough of it.<\/em><\/p>\n<p><strong>INGREDIENTS\u2009:<\/strong> farine de riz*, f\u00e9cule de ma\u00efs*, f\u00e9cule de tapioca*, sucre*, sel. Epaississant\u2009: gomme de xanthane. Agent levant\u2009: bicarbonate de sodium. Correcteur d\u2019acidit\u00e9\u2009: tartre de potassium. *\u2009Produit issu de l\u2019agriculture biologique. \u00c0 conserver dans un lieu frais et sec.<\/p>\n<p><strong>VALEURS NUTRITIONNELLES\/100G<\/strong>: Energie 347Kcal\/1473Kj; Prot\u00e9ines 4.6g; Graisses 1.14g, dont acides gras satur\u00e9s 0.42g; Glucides 78.5g, dont sucres 2.42g; Sel 1g.[\/vc_column_text][\/vc_column][\/vc_row][vc_row][vc_column][vc_basic_grid post_type=&#8221;post&#8221; max_items=&#8221;3&#8243; item=&#8221;3093&#8243; grid_id=&#8221;vc_gid:1538139558438-06928edf-b0f4-7&#8243; taxonomies=&#8221;68&#8243;][\/vc_column][\/vc_row]<\/p>\n<\/div>","protected":false},"excerpt":{"rendered":"<p>[vc_row][vc_column width=&#8221;1\/3&#8243;][vc_single_image image=&#8221;3171&#8243; img_size=&#8221;full&#8221; alignment=&#8221;center&#8221;][\/vc_column][vc_column width=&#8221;2\/3&#8243; offset=&#8221;vc_hidden-xs&#8221;][vc_single_image image=&#8221;3123&#8243; img_size=&#8221;full&#8221; alignment=&#8221;center&#8221;][\/vc_column][\/vc_row][vc_row][vc_column][vc_column_text] FLOUR MIX FOR WHITE BREAD [\/vc_column_text][\/vc_column][\/vc_row][vc_row][vc_column][vc_separator color=&#8221;custom&#8221; style=&#8221;dotted&#8221; border_width=&#8221;2&#8243; accent_color=&#8221;#ac6e2d&#8221;][vc_column_text]In school, Claudine Cuisine got everything mixed up. She thought the Vikings were the first people on the Moon, and that algebra was something fish fed on. Little did she know that she was blessed with [&hellip;]<\/p>\n","protected":false},"author":2,"featured_media":3294,"parent":631,"menu_order":0,"comment_status":"closed","ping_status":"closed","template":"produits.php","meta":{"_acf_changed":false,"footnotes":"","_links_to":"","_links_to_target":""},"class_list":["post-641","page","type-page","status-publish","has-post-thumbnail","hentry"],"acf":[],"yoast_head":"<!-- This site is optimized with the Yoast SEO plugin v27.1-RC6 - https:\/\/yoast.com\/product\/yoast-seo-wordpress\/ -->\n<title>White Bread - Generous<\/title>\n<meta name=\"robots\" content=\"index, follow, max-snippet:-1, max-image-preview:large, max-video-preview:-1\" \/>\n<link rel=\"canonical\" href=\"https:\/\/generous.eu\/en\/mixes\/pain-blanc\/\" \/>\n<meta property=\"og:locale\" content=\"en_US\" \/>\n<meta property=\"og:type\" content=\"article\" \/>\n<meta property=\"og:title\" content=\"White Bread - Generous\" \/>\n<meta property=\"og:description\" content=\"[vc_row][vc_column width=&#8221;1\/3&#8243;][vc_single_image image=&#8221;3171&#8243; img_size=&#8221;full&#8221; alignment=&#8221;center&#8221;][\/vc_column][vc_column width=&#8221;2\/3&#8243; offset=&#8221;vc_hidden-xs&#8221;][vc_single_image image=&#8221;3123&#8243; img_size=&#8221;full&#8221; alignment=&#8221;center&#8221;][\/vc_column][\/vc_row][vc_row][vc_column][vc_column_text] FLOUR MIX FOR WHITE BREAD [\/vc_column_text][\/vc_column][\/vc_row][vc_row][vc_column][vc_separator color=&#8221;custom&#8221; style=&#8221;dotted&#8221; border_width=&#8221;2&#8243; accent_color=&#8221;#ac6e2d&#8221;][vc_column_text]In school, Claudine Cuisine got everything mixed up. She thought the Vikings were the first people on the Moon, and that algebra was something fish fed on. Little did she know that she was blessed with [&hellip;]\" \/>\n<meta property=\"og:url\" content=\"https:\/\/generous.eu\/en\/mixes\/pain-blanc\/\" \/>\n<meta property=\"og:site_name\" content=\"Generous\" \/>\n<meta property=\"article:publisher\" content=\"https:\/\/www.facebook.com\/generousbakery\/?fref=ts\" \/>\n<meta property=\"article:modified_time\" content=\"2018-09-28T13:00:03+00:00\" \/>\n<meta property=\"og:image\" content=\"https:\/\/generous.eu\/wp-content\/uploads\/2016\/11\/PainBlanc.jpg\" \/>\n\t<meta property=\"og:image:width\" content=\"1900\" \/>\n\t<meta property=\"og:image:height\" content=\"150\" \/>\n\t<meta property=\"og:image:type\" content=\"image\/jpeg\" \/>\n<meta name=\"twitter:card\" content=\"summary_large_image\" \/>\n<meta name=\"twitter:site\" content=\"@generousbakery\" \/>\n<meta name=\"twitter:label1\" content=\"Est. reading time\" \/>\n\t<meta name=\"twitter:data1\" content=\"1 minute\" \/>\n<script type=\"application\/ld+json\" class=\"yoast-schema-graph\">{\"@context\":\"https:\/\/schema.org\",\"@graph\":[{\"@type\":\"WebPage\",\"@id\":\"https:\/\/generous.eu\/en\/mixes\/pain-blanc\/\",\"url\":\"https:\/\/generous.eu\/en\/mixes\/pain-blanc\/\",\"name\":\"White Bread - Generous\",\"isPartOf\":{\"@id\":\"https:\/\/generous.eu\/en\/#website\"},\"primaryImageOfPage\":{\"@id\":\"https:\/\/generous.eu\/en\/mixes\/pain-blanc\/#primaryimage\"},\"image\":{\"@id\":\"https:\/\/generous.eu\/en\/mixes\/pain-blanc\/#primaryimage\"},\"thumbnailUrl\":\"https:\/\/generous.eu\/wp-content\/uploads\/2016\/11\/PainBlanc.jpg\",\"datePublished\":\"2016-04-26T14:24:47+00:00\",\"dateModified\":\"2018-09-28T13:00:03+00:00\",\"breadcrumb\":{\"@id\":\"https:\/\/generous.eu\/en\/mixes\/pain-blanc\/#breadcrumb\"},\"inLanguage\":\"en-US\",\"potentialAction\":[{\"@type\":\"ReadAction\",\"target\":[\"https:\/\/generous.eu\/en\/mixes\/pain-blanc\/\"]}]},{\"@type\":\"ImageObject\",\"inLanguage\":\"en-US\",\"@id\":\"https:\/\/generous.eu\/en\/mixes\/pain-blanc\/#primaryimage\",\"url\":\"https:\/\/generous.eu\/wp-content\/uploads\/2016\/11\/PainBlanc.jpg\",\"contentUrl\":\"https:\/\/generous.eu\/wp-content\/uploads\/2016\/11\/PainBlanc.jpg\",\"width\":1900,\"height\":150},{\"@type\":\"BreadcrumbList\",\"@id\":\"https:\/\/generous.eu\/en\/mixes\/pain-blanc\/#breadcrumb\",\"itemListElement\":[{\"@type\":\"ListItem\",\"position\":1,\"name\":\"Accueil\",\"item\":\"https:\/\/generous.eu\/en\/\"},{\"@type\":\"ListItem\",\"position\":2,\"name\":\"MIXES\",\"item\":\"https:\/\/generous.eu\/en\/mixes\/\"},{\"@type\":\"ListItem\",\"position\":3,\"name\":\"White Bread\"}]},{\"@type\":\"WebSite\",\"@id\":\"https:\/\/generous.eu\/en\/#website\",\"url\":\"https:\/\/generous.eu\/en\/\",\"name\":\"Generous\",\"description\":\"\",\"publisher\":{\"@id\":\"https:\/\/generous.eu\/en\/#organization\"},\"potentialAction\":[{\"@type\":\"SearchAction\",\"target\":{\"@type\":\"EntryPoint\",\"urlTemplate\":\"https:\/\/generous.eu\/en\/?s={search_term_string}\"},\"query-input\":{\"@type\":\"PropertyValueSpecification\",\"valueRequired\":true,\"valueName\":\"search_term_string\"}}],\"inLanguage\":\"en-US\"},{\"@type\":\"Organization\",\"@id\":\"https:\/\/generous.eu\/en\/#organization\",\"name\":\"Generous\",\"url\":\"https:\/\/generous.eu\/en\/\",\"logo\":{\"@type\":\"ImageObject\",\"inLanguage\":\"en-US\",\"@id\":\"https:\/\/generous.eu\/en\/#\/schema\/logo\/image\/\",\"url\":\"https:\/\/generous.eu\/wp-content\/uploads\/2016\/11\/logogenerous-1.png\",\"contentUrl\":\"https:\/\/generous.eu\/wp-content\/uploads\/2016\/11\/logogenerous-1.png\",\"width\":215,\"height\":110,\"caption\":\"Generous\"},\"image\":{\"@id\":\"https:\/\/generous.eu\/en\/#\/schema\/logo\/image\/\"},\"sameAs\":[\"https:\/\/www.facebook.com\/generousbakery\/?fref=ts\",\"https:\/\/x.com\/generousbakery\",\"https:\/\/www.instagram.com\/generousbakery\/\",\"https:\/\/www.pinterest.com\/generousbakery\/\"]}]}<\/script>\n<!-- \/ Yoast SEO plugin. -->","yoast_head_json":{"title":"White Bread - Generous","robots":{"index":"index","follow":"follow","max-snippet":"max-snippet:-1","max-image-preview":"max-image-preview:large","max-video-preview":"max-video-preview:-1"},"canonical":"https:\/\/generous.eu\/en\/mixes\/pain-blanc\/","og_locale":"en_US","og_type":"article","og_title":"White Bread - Generous","og_description":"[vc_row][vc_column width=&#8221;1\/3&#8243;][vc_single_image image=&#8221;3171&#8243; img_size=&#8221;full&#8221; alignment=&#8221;center&#8221;][\/vc_column][vc_column width=&#8221;2\/3&#8243; offset=&#8221;vc_hidden-xs&#8221;][vc_single_image image=&#8221;3123&#8243; img_size=&#8221;full&#8221; alignment=&#8221;center&#8221;][\/vc_column][\/vc_row][vc_row][vc_column][vc_column_text] FLOUR MIX FOR WHITE BREAD [\/vc_column_text][\/vc_column][\/vc_row][vc_row][vc_column][vc_separator color=&#8221;custom&#8221; style=&#8221;dotted&#8221; border_width=&#8221;2&#8243; accent_color=&#8221;#ac6e2d&#8221;][vc_column_text]In school, Claudine Cuisine got everything mixed up. She thought the Vikings were the first people on the Moon, and that algebra was something fish fed on. Little did she know that she was blessed with [&hellip;]","og_url":"https:\/\/generous.eu\/en\/mixes\/pain-blanc\/","og_site_name":"Generous","article_publisher":"https:\/\/www.facebook.com\/generousbakery\/?fref=ts","article_modified_time":"2018-09-28T13:00:03+00:00","og_image":[{"width":1900,"height":150,"url":"https:\/\/generous.eu\/wp-content\/uploads\/2016\/11\/PainBlanc.jpg","type":"image\/jpeg"}],"twitter_card":"summary_large_image","twitter_site":"@generousbakery","twitter_misc":{"Est. reading time":"1 minute"},"schema":{"@context":"https:\/\/schema.org","@graph":[{"@type":"WebPage","@id":"https:\/\/generous.eu\/en\/mixes\/pain-blanc\/","url":"https:\/\/generous.eu\/en\/mixes\/pain-blanc\/","name":"White Bread - Generous","isPartOf":{"@id":"https:\/\/generous.eu\/en\/#website"},"primaryImageOfPage":{"@id":"https:\/\/generous.eu\/en\/mixes\/pain-blanc\/#primaryimage"},"image":{"@id":"https:\/\/generous.eu\/en\/mixes\/pain-blanc\/#primaryimage"},"thumbnailUrl":"https:\/\/generous.eu\/wp-content\/uploads\/2016\/11\/PainBlanc.jpg","datePublished":"2016-04-26T14:24:47+00:00","dateModified":"2018-09-28T13:00:03+00:00","breadcrumb":{"@id":"https:\/\/generous.eu\/en\/mixes\/pain-blanc\/#breadcrumb"},"inLanguage":"en-US","potentialAction":[{"@type":"ReadAction","target":["https:\/\/generous.eu\/en\/mixes\/pain-blanc\/"]}]},{"@type":"ImageObject","inLanguage":"en-US","@id":"https:\/\/generous.eu\/en\/mixes\/pain-blanc\/#primaryimage","url":"https:\/\/generous.eu\/wp-content\/uploads\/2016\/11\/PainBlanc.jpg","contentUrl":"https:\/\/generous.eu\/wp-content\/uploads\/2016\/11\/PainBlanc.jpg","width":1900,"height":150},{"@type":"BreadcrumbList","@id":"https:\/\/generous.eu\/en\/mixes\/pain-blanc\/#breadcrumb","itemListElement":[{"@type":"ListItem","position":1,"name":"Accueil","item":"https:\/\/generous.eu\/en\/"},{"@type":"ListItem","position":2,"name":"MIXES","item":"https:\/\/generous.eu\/en\/mixes\/"},{"@type":"ListItem","position":3,"name":"White Bread"}]},{"@type":"WebSite","@id":"https:\/\/generous.eu\/en\/#website","url":"https:\/\/generous.eu\/en\/","name":"Generous","description":"","publisher":{"@id":"https:\/\/generous.eu\/en\/#organization"},"potentialAction":[{"@type":"SearchAction","target":{"@type":"EntryPoint","urlTemplate":"https:\/\/generous.eu\/en\/?s={search_term_string}"},"query-input":{"@type":"PropertyValueSpecification","valueRequired":true,"valueName":"search_term_string"}}],"inLanguage":"en-US"},{"@type":"Organization","@id":"https:\/\/generous.eu\/en\/#organization","name":"Generous","url":"https:\/\/generous.eu\/en\/","logo":{"@type":"ImageObject","inLanguage":"en-US","@id":"https:\/\/generous.eu\/en\/#\/schema\/logo\/image\/","url":"https:\/\/generous.eu\/wp-content\/uploads\/2016\/11\/logogenerous-1.png","contentUrl":"https:\/\/generous.eu\/wp-content\/uploads\/2016\/11\/logogenerous-1.png","width":215,"height":110,"caption":"Generous"},"image":{"@id":"https:\/\/generous.eu\/en\/#\/schema\/logo\/image\/"},"sameAs":["https:\/\/www.facebook.com\/generousbakery\/?fref=ts","https:\/\/x.com\/generousbakery","https:\/\/www.instagram.com\/generousbakery\/","https:\/\/www.pinterest.com\/generousbakery\/"]}]}},"_links":{"self":[{"href":"https:\/\/generous.eu\/en\/wp-json\/wp\/v2\/pages\/641","targetHints":{"allow":["GET"]}}],"collection":[{"href":"https:\/\/generous.eu\/en\/wp-json\/wp\/v2\/pages"}],"about":[{"href":"https:\/\/generous.eu\/en\/wp-json\/wp\/v2\/types\/page"}],"author":[{"embeddable":true,"href":"https:\/\/generous.eu\/en\/wp-json\/wp\/v2\/users\/2"}],"replies":[{"embeddable":true,"href":"https:\/\/generous.eu\/en\/wp-json\/wp\/v2\/comments?post=641"}],"version-history":[{"count":14,"href":"https:\/\/generous.eu\/en\/wp-json\/wp\/v2\/pages\/641\/revisions"}],"predecessor-version":[{"id":4683,"href":"https:\/\/generous.eu\/en\/wp-json\/wp\/v2\/pages\/641\/revisions\/4683"}],"up":[{"embeddable":true,"href":"https:\/\/generous.eu\/en\/wp-json\/wp\/v2\/pages\/631"}],"wp:featuredmedia":[{"embeddable":true,"href":"https:\/\/generous.eu\/en\/wp-json\/wp\/v2\/media\/3294"}],"wp:attachment":[{"href":"https:\/\/generous.eu\/en\/wp-json\/wp\/v2\/media?parent=641"}],"curies":[{"name":"wp","href":"https:\/\/api.w.org\/{rel}","templated":true}]}}