
{"id":526,"date":"2015-11-18T15:58:57","date_gmt":"2015-11-18T14:58:57","guid":{"rendered":"https:\/\/generous.eu\/page-d-exemple\/qui-sommes-nous\/"},"modified":"2021-10-20T15:16:24","modified_gmt":"2021-10-20T13:16:24","slug":"wie-zijn-wij","status":"publish","type":"page","link":"https:\/\/generous.eu\/nl\/home\/wie-zijn-wij\/","title":{"rendered":"Wie zijn wij ?"},"content":{"rendered":"<div class=\"wpb-content-wrapper\"><p>[vc_row][vc_column offset=&#8221;vc_hidden-xs&#8221;][rev_slider_vc alias=&#8221;Who&#8221;][\/vc_column][\/vc_row][vc_row][vc_column offset=&#8221;vc_hidden-lg vc_hidden-md vc_hidden-sm&#8221;][rev_slider_vc alias=&#8221;qui-sommes-nous_mobile&#8221;][\/vc_column][\/vc_row][vc_row][vc_column offset=&#8221;vc_hidden-lg vc_hidden-md vc_hidden-sm vc_hidden-xs&#8221;][vc_column_text]<span style=\"color: #808080;\">Notre biscuiterie <strong>artisanale<\/strong> vous propose une gamme de produits <strong>biologiques<\/strong> et <strong>sans gluten<\/strong>. Biologiques, sans gluten et&#8230; <strong>gourmands<\/strong>!<\/span><\/p>\n<p><span style=\"color: #808080;\">C\u2019est en effet bien la gourmandise qui nous guide dans la confection de nos produits. Notre atelier se situe \u00e0 Bruxelles, au croisement du canal et de la Senne, o\u00f9 nous cr\u00e9ons des plaisirs pleins de saveurs dans le respect de la tradition biscotti\u00e8re et boulang\u00e8re belge.<\/span>[\/vc_column_text][\/vc_column][\/vc_row][vc_row][vc_column][vc_column_text]<\/p>\n<h1>Wie zijn wij ?<\/h1>\n<p>[\/vc_column_text][vc_separator color=&#8221;custom&#8221; style=&#8221;dotted&#8221; border_width=&#8221;2&#8243; accent_color=&#8221;#ac6e2d&#8221; el_class=&#8221;border_dotted&#8221;][vc_column_text]Onze ambachtelijke koekjesfabriek stelt u een rijk gamma aan biologische en glutenvrije producten voor. Ze zijn biologisch, bevatten geen gluten en toch smaken ze\u2026heerlijk! Dit komt omdat we ons laten inspireren door puur smaakplezier tijdens de bereiding van onze koekjes. In ons atelier cre\u00ebren wij allerlei smakelijke lekkernijen die de Belgische koekjes- en bakkerijtraditie eer aandoen[\/vc_column_text][\/vc_column][\/vc_row]<\/p>\n<\/div>","protected":false},"excerpt":{"rendered":"<p>[vc_row][vc_column offset=&#8221;vc_hidden-xs&#8221;][rev_slider_vc alias=&#8221;Who&#8221;][\/vc_column][\/vc_row][vc_row][vc_column offset=&#8221;vc_hidden-lg vc_hidden-md vc_hidden-sm&#8221;][rev_slider_vc alias=&#8221;qui-sommes-nous_mobile&#8221;][\/vc_column][\/vc_row][vc_row][vc_column offset=&#8221;vc_hidden-lg vc_hidden-md vc_hidden-sm vc_hidden-xs&#8221;][vc_column_text]Notre biscuiterie artisanale vous propose une gamme de produits biologiques et sans gluten. Biologiques, sans gluten et&#8230; gourmands! C\u2019est en effet bien la gourmandise qui nous guide dans la confection de nos produits. Notre atelier se situe \u00e0 Bruxelles, au croisement du canal et de [&hellip;]<\/p>\n","protected":false},"author":2,"featured_media":0,"parent":537,"menu_order":0,"comment_status":"closed","ping_status":"closed","template":"produits.php","meta":{"_acf_changed":false,"footnotes":"","_links_to":"","_links_to_target":""},"class_list":["post-526","page","type-page","status-publish","hentry"],"acf":[],"yoast_head":"<!-- This site is optimized with the Yoast SEO plugin v27.1-RC6 - https:\/\/yoast.com\/product\/yoast-seo-wordpress\/ -->\n<title>Wie zijn wij ? - Generous<\/title>\n<meta name=\"robots\" content=\"index, follow, max-snippet:-1, max-image-preview:large, max-video-preview:-1\" \/>\n<link rel=\"canonical\" href=\"https:\/\/generous.eu\/nl\/home\/wie-zijn-wij\/\" \/>\n<meta property=\"og:locale\" content=\"nl_NL\" \/>\n<meta property=\"og:type\" content=\"article\" \/>\n<meta property=\"og:title\" content=\"Wie zijn wij ? - Generous\" \/>\n<meta property=\"og:description\" content=\"[vc_row][vc_column offset=&#8221;vc_hidden-xs&#8221;][rev_slider_vc alias=&#8221;Who&#8221;][\/vc_column][\/vc_row][vc_row][vc_column offset=&#8221;vc_hidden-lg vc_hidden-md vc_hidden-sm&#8221;][rev_slider_vc alias=&#8221;qui-sommes-nous_mobile&#8221;][\/vc_column][\/vc_row][vc_row][vc_column offset=&#8221;vc_hidden-lg vc_hidden-md vc_hidden-sm vc_hidden-xs&#8221;][vc_column_text]Notre biscuiterie artisanale vous propose une gamme de produits biologiques et sans gluten. Biologiques, sans gluten et&#8230; gourmands! C\u2019est en effet bien la gourmandise qui nous guide dans la confection de nos produits. Notre atelier se situe \u00e0 Bruxelles, au croisement du canal et de [&hellip;]\" \/>\n<meta property=\"og:url\" content=\"https:\/\/generous.eu\/nl\/home\/wie-zijn-wij\/\" \/>\n<meta property=\"og:site_name\" content=\"Generous\" \/>\n<meta property=\"article:publisher\" content=\"https:\/\/www.facebook.com\/generousbakery\/?fref=ts\" \/>\n<meta property=\"article:modified_time\" content=\"2021-10-20T13:16:24+00:00\" \/>\n<meta name=\"twitter:card\" content=\"summary_large_image\" \/>\n<meta name=\"twitter:site\" content=\"@generousbakery\" \/>\n<meta name=\"twitter:label1\" content=\"Geschatte leestijd\" \/>\n\t<meta name=\"twitter:data1\" content=\"1 minuut\" \/>\n<script type=\"application\/ld+json\" class=\"yoast-schema-graph\">{\"@context\":\"https:\/\/schema.org\",\"@graph\":[{\"@type\":\"WebPage\",\"@id\":\"https:\/\/generous.eu\/nl\/home\/wie-zijn-wij\/\",\"url\":\"https:\/\/generous.eu\/nl\/home\/wie-zijn-wij\/\",\"name\":\"Wie zijn wij ? - Generous\",\"isPartOf\":{\"@id\":\"https:\/\/generous.eu\/nl\/#website\"},\"datePublished\":\"2015-11-18T14:58:57+00:00\",\"dateModified\":\"2021-10-20T13:16:24+00:00\",\"breadcrumb\":{\"@id\":\"https:\/\/generous.eu\/nl\/home\/wie-zijn-wij\/#breadcrumb\"},\"inLanguage\":\"nl-NL\",\"potentialAction\":[{\"@type\":\"ReadAction\",\"target\":[\"https:\/\/generous.eu\/nl\/home\/wie-zijn-wij\/\"]}]},{\"@type\":\"BreadcrumbList\",\"@id\":\"https:\/\/generous.eu\/nl\/home\/wie-zijn-wij\/#breadcrumb\",\"itemListElement\":[{\"@type\":\"ListItem\",\"position\":1,\"name\":\"Accueil\",\"item\":\"https:\/\/generous.eu\/nl\/\"},{\"@type\":\"ListItem\",\"position\":2,\"name\":\"Generous\",\"item\":\"https:\/\/generous.eu\/nl\/\"},{\"@type\":\"ListItem\",\"position\":3,\"name\":\"Wie zijn wij ?\"}]},{\"@type\":\"WebSite\",\"@id\":\"https:\/\/generous.eu\/nl\/#website\",\"url\":\"https:\/\/generous.eu\/nl\/\",\"name\":\"Generous\",\"description\":\"\",\"publisher\":{\"@id\":\"https:\/\/generous.eu\/nl\/#organization\"},\"potentialAction\":[{\"@type\":\"SearchAction\",\"target\":{\"@type\":\"EntryPoint\",\"urlTemplate\":\"https:\/\/generous.eu\/nl\/?s={search_term_string}\"},\"query-input\":{\"@type\":\"PropertyValueSpecification\",\"valueRequired\":true,\"valueName\":\"search_term_string\"}}],\"inLanguage\":\"nl-NL\"},{\"@type\":\"Organization\",\"@id\":\"https:\/\/generous.eu\/nl\/#organization\",\"name\":\"Generous\",\"url\":\"https:\/\/generous.eu\/nl\/\",\"logo\":{\"@type\":\"ImageObject\",\"inLanguage\":\"nl-NL\",\"@id\":\"https:\/\/generous.eu\/nl\/#\/schema\/logo\/image\/\",\"url\":\"https:\/\/generous.eu\/wp-content\/uploads\/2016\/11\/logogenerous-1.png\",\"contentUrl\":\"https:\/\/generous.eu\/wp-content\/uploads\/2016\/11\/logogenerous-1.png\",\"width\":215,\"height\":110,\"caption\":\"Generous\"},\"image\":{\"@id\":\"https:\/\/generous.eu\/nl\/#\/schema\/logo\/image\/\"},\"sameAs\":[\"https:\/\/www.facebook.com\/generousbakery\/?fref=ts\",\"https:\/\/x.com\/generousbakery\",\"https:\/\/www.instagram.com\/generousbakery\/\",\"https:\/\/www.pinterest.com\/generousbakery\/\"]}]}<\/script>\n<!-- \/ Yoast SEO plugin. -->","yoast_head_json":{"title":"Wie zijn wij ? - Generous","robots":{"index":"index","follow":"follow","max-snippet":"max-snippet:-1","max-image-preview":"max-image-preview:large","max-video-preview":"max-video-preview:-1"},"canonical":"https:\/\/generous.eu\/nl\/home\/wie-zijn-wij\/","og_locale":"nl_NL","og_type":"article","og_title":"Wie zijn wij ? - Generous","og_description":"[vc_row][vc_column offset=&#8221;vc_hidden-xs&#8221;][rev_slider_vc alias=&#8221;Who&#8221;][\/vc_column][\/vc_row][vc_row][vc_column offset=&#8221;vc_hidden-lg vc_hidden-md vc_hidden-sm&#8221;][rev_slider_vc alias=&#8221;qui-sommes-nous_mobile&#8221;][\/vc_column][\/vc_row][vc_row][vc_column offset=&#8221;vc_hidden-lg vc_hidden-md vc_hidden-sm vc_hidden-xs&#8221;][vc_column_text]Notre biscuiterie artisanale vous propose une gamme de produits biologiques et sans gluten. Biologiques, sans gluten et&#8230; gourmands! C\u2019est en effet bien la gourmandise qui nous guide dans la confection de nos produits. Notre atelier se situe \u00e0 Bruxelles, au croisement du canal et de [&hellip;]","og_url":"https:\/\/generous.eu\/nl\/home\/wie-zijn-wij\/","og_site_name":"Generous","article_publisher":"https:\/\/www.facebook.com\/generousbakery\/?fref=ts","article_modified_time":"2021-10-20T13:16:24+00:00","twitter_card":"summary_large_image","twitter_site":"@generousbakery","twitter_misc":{"Geschatte leestijd":"1 minuut"},"schema":{"@context":"https:\/\/schema.org","@graph":[{"@type":"WebPage","@id":"https:\/\/generous.eu\/nl\/home\/wie-zijn-wij\/","url":"https:\/\/generous.eu\/nl\/home\/wie-zijn-wij\/","name":"Wie zijn wij ? - Generous","isPartOf":{"@id":"https:\/\/generous.eu\/nl\/#website"},"datePublished":"2015-11-18T14:58:57+00:00","dateModified":"2021-10-20T13:16:24+00:00","breadcrumb":{"@id":"https:\/\/generous.eu\/nl\/home\/wie-zijn-wij\/#breadcrumb"},"inLanguage":"nl-NL","potentialAction":[{"@type":"ReadAction","target":["https:\/\/generous.eu\/nl\/home\/wie-zijn-wij\/"]}]},{"@type":"BreadcrumbList","@id":"https:\/\/generous.eu\/nl\/home\/wie-zijn-wij\/#breadcrumb","itemListElement":[{"@type":"ListItem","position":1,"name":"Accueil","item":"https:\/\/generous.eu\/nl\/"},{"@type":"ListItem","position":2,"name":"Generous","item":"https:\/\/generous.eu\/nl\/"},{"@type":"ListItem","position":3,"name":"Wie zijn wij ?"}]},{"@type":"WebSite","@id":"https:\/\/generous.eu\/nl\/#website","url":"https:\/\/generous.eu\/nl\/","name":"Generous","description":"","publisher":{"@id":"https:\/\/generous.eu\/nl\/#organization"},"potentialAction":[{"@type":"SearchAction","target":{"@type":"EntryPoint","urlTemplate":"https:\/\/generous.eu\/nl\/?s={search_term_string}"},"query-input":{"@type":"PropertyValueSpecification","valueRequired":true,"valueName":"search_term_string"}}],"inLanguage":"nl-NL"},{"@type":"Organization","@id":"https:\/\/generous.eu\/nl\/#organization","name":"Generous","url":"https:\/\/generous.eu\/nl\/","logo":{"@type":"ImageObject","inLanguage":"nl-NL","@id":"https:\/\/generous.eu\/nl\/#\/schema\/logo\/image\/","url":"https:\/\/generous.eu\/wp-content\/uploads\/2016\/11\/logogenerous-1.png","contentUrl":"https:\/\/generous.eu\/wp-content\/uploads\/2016\/11\/logogenerous-1.png","width":215,"height":110,"caption":"Generous"},"image":{"@id":"https:\/\/generous.eu\/nl\/#\/schema\/logo\/image\/"},"sameAs":["https:\/\/www.facebook.com\/generousbakery\/?fref=ts","https:\/\/x.com\/generousbakery","https:\/\/www.instagram.com\/generousbakery\/","https:\/\/www.pinterest.com\/generousbakery\/"]}]}},"_links":{"self":[{"href":"https:\/\/generous.eu\/nl\/wp-json\/wp\/v2\/pages\/526","targetHints":{"allow":["GET"]}}],"collection":[{"href":"https:\/\/generous.eu\/nl\/wp-json\/wp\/v2\/pages"}],"about":[{"href":"https:\/\/generous.eu\/nl\/wp-json\/wp\/v2\/types\/page"}],"author":[{"embeddable":true,"href":"https:\/\/generous.eu\/nl\/wp-json\/wp\/v2\/users\/2"}],"replies":[{"embeddable":true,"href":"https:\/\/generous.eu\/nl\/wp-json\/wp\/v2\/comments?post=526"}],"version-history":[{"count":12,"href":"https:\/\/generous.eu\/nl\/wp-json\/wp\/v2\/pages\/526\/revisions"}],"predecessor-version":[{"id":8792,"href":"https:\/\/generous.eu\/nl\/wp-json\/wp\/v2\/pages\/526\/revisions\/8792"}],"up":[{"embeddable":true,"href":"https:\/\/generous.eu\/nl\/wp-json\/wp\/v2\/pages\/537"}],"wp:attachment":[{"href":"https:\/\/generous.eu\/nl\/wp-json\/wp\/v2\/media?parent=526"}],"curies":[{"name":"wp","href":"https:\/\/api.w.org\/{rel}","templated":true}]}}